{"id":11753,"date":"2022-01-11T13:08:27","date_gmt":"2022-01-11T19:08:27","guid":{"rendered":"https:\/\/agfuerte.com\/?page_id=11753"},"modified":"2022-01-17T12:51:43","modified_gmt":"2022-01-17T18:51:43","slug":"noticias","status":"publish","type":"page","link":"https:\/\/agfuerte.com\/en\/noticias\/","title":{"rendered":"News"},"content":{"rendered":"<div data-elementor-type=\"wp-page\" data-elementor-id=\"11753\" class=\"elementor elementor-11753\">\n\t\t\t\t\t\t<section class=\"elementor-section elementor-top-section elementor-element elementor-element-e49b0bb elementor-section-boxed elementor-section-height-default elementor-section-height-default\" data-id=\"e49b0bb\" data-element_type=\"section\" data-e-type=\"section\">\n\t\t\t\t\t\t<div class=\"elementor-container elementor-column-gap-default\">\n\t\t\t\t\t<div class=\"elementor-column elementor-col-100 elementor-top-column elementor-element elementor-element-29d51ad\" data-id=\"29d51ad\" data-element_type=\"column\" data-e-type=\"column\">\n\t\t\t<div class=\"elementor-widget-wrap elementor-element-populated\">\n\t\t\t\t\t\t<div class=\"elementor-element elementor-element-751ac4a elementor-widget elementor-widget-heading\" data-id=\"751ac4a\" data-element_type=\"widget\" data-e-type=\"widget\" data-settings=\"{&quot;_animation&quot;:&quot;none&quot;,&quot;_animation_delay&quot;:400,&quot;_animation_mobile&quot;:&quot;fadeIn&quot;}\" data-widget_type=\"heading.default\">\n\t\t\t\t<div class=\"elementor-widget-container\">\n\t\t\t\t\t<h1 class=\"elementor-heading-title elementor-size-default\">NEWS<\/h1>\t\t\t\t<\/div>\n\t\t\t\t<\/div>\n\t\t\t\t<div class=\"elementor-element elementor-element-e3db864 elementor-widget elementor-widget-heading\" data-id=\"e3db864\" data-element_type=\"widget\" data-e-type=\"widget\" data-settings=\"{&quot;_animation&quot;:&quot;none&quot;,&quot;_animation_delay&quot;:400}\" data-widget_type=\"heading.default\">\n\t\t\t\t<div class=\"elementor-widget-container\">\n\t\t\t\t\t<h2 class=\"elementor-heading-title elementor-size-default\">To keep you updated of what we've been up to<\/h2>\t\t\t\t<\/div>\n\t\t\t\t<\/div>\n\t\t\t\t\t<\/div>\n\t\t<\/div>\n\t\t\t\t\t<\/div>\n\t\t<\/section>\n\t\t\t\t<section class=\"elementor-section elementor-top-section elementor-element elementor-element-341a3cdb elementor-section-boxed elementor-section-height-default elementor-section-height-default\" data-id=\"341a3cdb\" data-element_type=\"section\" data-e-type=\"section\">\n\t\t\t\t\t\t<div class=\"elementor-container elementor-column-gap-default\">\n\t\t\t\t\t<div class=\"elementor-column elementor-col-100 elementor-top-column elementor-element elementor-element-3d26e338\" data-id=\"3d26e338\" data-element_type=\"column\" data-e-type=\"column\">\n\t\t\t<div class=\"elementor-widget-wrap elementor-element-populated\">\n\t\t\t\t\t\t<section class=\"elementor-section elementor-inner-section elementor-element elementor-element-2b04fbd5 elementor-section-boxed elementor-section-height-default elementor-section-height-default\" data-id=\"2b04fbd5\" data-element_type=\"section\" data-e-type=\"section\">\n\t\t\t\t\t\t<div class=\"elementor-container elementor-column-gap-default\">\n\t\t\t\t\t<div class=\"elementor-column elementor-col-33 elementor-inner-column elementor-element elementor-element-f29d490\" data-id=\"f29d490\" data-element_type=\"column\" data-e-type=\"column\">\n\t\t\t<div class=\"elementor-widget-wrap elementor-element-populated\">\n\t\t\t\t\t\t<div class=\"elementor-element elementor-element-2a537c4 elementor-widget elementor-widget-image\" data-id=\"2a537c4\" data-element_type=\"widget\" data-e-type=\"widget\" data-widget_type=\"image.default\">\n\t\t\t\t<div class=\"elementor-widget-container\">\n\t\t\t\t\t\t\t\t\t\t\t\t\t\t\t\t<a href=\"https:\/\/agfuerte.com\/en\/noticia-nuevos-productos-happy-green-organic\/\" target=\"_blank\">\n\t\t\t\t\t\t\t<img fetchpriority=\"high\" decoding=\"async\" width=\"599\" height=\"593\" src=\"https:\/\/agfuerte.com\/wp-content\/uploads\/2022\/01\/nmorganico.jpg\" class=\"attachment-full size-full wp-image-11924\" alt=\"coraz\u00f3n lechuga organico happy greeen\" srcset=\"https:\/\/agfuerte.com\/wp-content\/uploads\/2022\/01\/nmorganico.jpg 599w, https:\/\/agfuerte.com\/wp-content\/uploads\/2022\/01\/nmorganico-300x297.jpg 300w, https:\/\/agfuerte.com\/wp-content\/uploads\/2022\/01\/nmorganico-12x12.jpg 12w\" sizes=\"(max-width: 599px) 100vw, 599px\" \/>\t\t\t\t\t\t\t\t<\/a>\n\t\t\t\t\t\t\t\t\t\t\t\t\t\t\t<\/div>\n\t\t\t\t<\/div>\n\t\t\t\t<div class=\"elementor-element elementor-element-b5ede43 elementor-widget elementor-widget-heading\" data-id=\"b5ede43\" data-element_type=\"widget\" data-e-type=\"widget\" data-widget_type=\"heading.default\">\n\t\t\t\t<div class=\"elementor-widget-container\">\n\t\t\t\t\t<h2 class=\"elementor-heading-title elementor-size-default\"><a href=\"https:\/\/agfuerte.com\/en\/noticia-nuevos-productos-happy-green-organic\/\" target=\"_blank\">New Products Happy Green Organic<\/a><\/h2>\t\t\t\t<\/div>\n\t\t\t\t<\/div>\n\t\t\t\t<div class=\"elementor-element elementor-element-5af2b47 elementor-widget elementor-widget-text-editor\" data-id=\"5af2b47\" data-element_type=\"widget\" data-e-type=\"widget\" data-widget_type=\"text-editor.default\">\n\t\t\t\t<div class=\"elementor-widget-container\">\n\t\t\t\t\t\t\t\t\t<p>We're pleased to announce our <a href=\"https:\/\/agfuerte.com\/en\/productos\/\" target=\"_blank\" rel=\"noopener\"><strong>first organic products harvest.<\/strong><\/a><\/p><p><em><strong>Happy green organic<\/strong><\/em> We join this system, encouraging the follow-up of sustainable practices, promoting ecological balance, conserving biodiversity with future generations in mind.<\/p><p><a href=\"https:\/\/agfuerte.com\/en\/noticia-nuevos-productos-happy-green-organic\/\"><strong>C<em>lick here to read more<\/em><\/strong><\/a><\/p>\t\t\t\t\t\t\t\t<\/div>\n\t\t\t\t<\/div>\n\t\t\t\t<div class=\"elementor-element elementor-element-bd86f10 elementor-widget elementor-widget-text-editor\" data-id=\"bd86f10\" data-element_type=\"widget\" data-e-type=\"widget\" data-widget_type=\"text-editor.default\">\n\t\t\t\t<div class=\"elementor-widget-container\">\n\t\t\t\t\t\t\t\t\t<p>17-01-2022<\/p>\t\t\t\t\t\t\t\t<\/div>\n\t\t\t\t<\/div>\n\t\t\t\t\t<\/div>\n\t\t<\/div>\n\t\t\t\t<div class=\"elementor-column elementor-col-33 elementor-inner-column elementor-element elementor-element-dd9555b\" data-id=\"dd9555b\" data-element_type=\"column\" data-e-type=\"column\">\n\t\t\t<div class=\"elementor-widget-wrap elementor-element-populated\">\n\t\t\t\t\t\t<div class=\"elementor-element elementor-element-a225bd5 elementor-widget elementor-widget-image\" data-id=\"a225bd5\" data-element_type=\"widget\" data-e-type=\"widget\" data-widget_type=\"image.default\">\n\t\t\t\t<div class=\"elementor-widget-container\">\n\t\t\t\t\t\t\t\t\t\t\t\t\t\t\t\t<a href=\"https:\/\/tourvirtual.agfuerte.com\" target=\"_blank\">\n\t\t\t\t\t\t\t<img decoding=\"async\" width=\"599\" height=\"593\" src=\"https:\/\/agfuerte.com\/wp-content\/uploads\/2022\/01\/nmtour.jpg\" class=\"attachment-full size-full wp-image-11925\" alt=\"\" srcset=\"https:\/\/agfuerte.com\/wp-content\/uploads\/2022\/01\/nmtour.jpg 599w, https:\/\/agfuerte.com\/wp-content\/uploads\/2022\/01\/nmtour-300x297.jpg 300w, https:\/\/agfuerte.com\/wp-content\/uploads\/2022\/01\/nmtour-12x12.jpg 12w\" sizes=\"(max-width: 599px) 100vw, 599px\" \/>\t\t\t\t\t\t\t\t<\/a>\n\t\t\t\t\t\t\t\t\t\t\t\t\t\t\t<\/div>\n\t\t\t\t<\/div>\n\t\t\t\t<div class=\"elementor-element elementor-element-adc5e8f elementor-widget elementor-widget-heading\" data-id=\"adc5e8f\" data-element_type=\"widget\" data-e-type=\"widget\" data-widget_type=\"heading.default\">\n\t\t\t\t<div class=\"elementor-widget-container\">\n\t\t\t\t\t<h2 class=\"elementor-heading-title elementor-size-default\"><a href=\"https:\/\/tourvirtual.agfuerte.com\" target=\"_blank\">Get to know our fields and facilities<\/a><\/h2>\t\t\t\t<\/div>\n\t\t\t\t<\/div>\n\t\t\t\t<div class=\"elementor-element elementor-element-b65a354 elementor-widget elementor-widget-text-editor\" data-id=\"b65a354\" data-element_type=\"widget\" data-e-type=\"widget\" data-widget_type=\"text-editor.default\">\n\t\t\t\t<div class=\"elementor-widget-container\">\n\t\t\t\t\t\t\t\t\t<p>We want to show you how we do what we do\u2026&nbsp;<\/p><p>Take a look to our<em><strong><a href=\"https:\/\/tourvirtual.agfuerte.com\" target=\"_blank\" rel=\"noopener\"> Virtual Tour<\/a> <\/strong><\/em>We open the doors for you to know our <strong>fields, harvest process, plant and facilities<\/strong><\/p>\n<p><br><\/p><p><strong style=\"letter-spacing: 0px;\"><a href=\"https:\/\/tourvirtual.agfuerte.com\" target=\"_blank\" rel=\"noopener\">C<span style=\"font-style: italic;\">lick here to play virtual tour<\/span><\/a><\/strong><br><\/p>\t\t\t\t\t\t\t\t<\/div>\n\t\t\t\t<\/div>\n\t\t\t\t<div class=\"elementor-element elementor-element-41aa5e4 elementor-widget elementor-widget-text-editor\" data-id=\"41aa5e4\" data-element_type=\"widget\" data-e-type=\"widget\" data-widget_type=\"text-editor.default\">\n\t\t\t\t<div class=\"elementor-widget-container\">\n\t\t\t\t\t\t\t\t\t<p>30-11-2021<\/p>\t\t\t\t\t\t\t\t<\/div>\n\t\t\t\t<\/div>\n\t\t\t\t\t<\/div>\n\t\t<\/div>\n\t\t\t\t<div class=\"elementor-column elementor-col-33 elementor-inner-column elementor-element elementor-element-49df6c4\" data-id=\"49df6c4\" data-element_type=\"column\" data-e-type=\"column\">\n\t\t\t<div class=\"elementor-widget-wrap\">\n\t\t\t\t\t\t\t<\/div>\n\t\t<\/div>\n\t\t\t\t\t<\/div>\n\t\t<\/section>\n\t\t\t\t\t<\/div>\n\t\t<\/div>\n\t\t\t\t\t<\/div>\n\t\t<\/section>\n\t\t\t\t<section class=\"elementor-section elementor-top-section elementor-element elementor-element-1eedc15c elementor-section-boxed elementor-section-height-default elementor-section-height-default\" data-id=\"1eedc15c\" data-element_type=\"section\" data-e-type=\"section\" data-settings=\"{&quot;background_background&quot;:&quot;classic&quot;}\">\n\t\t\t\t\t\t\t<div class=\"elementor-background-overlay\"><\/div>\n\t\t\t\t\t\t\t<div class=\"elementor-container elementor-column-gap-default\">\n\t\t\t\t\t<div class=\"elementor-column elementor-col-100 elementor-top-column elementor-element elementor-element-44da8646\" data-id=\"44da8646\" data-element_type=\"column\" data-e-type=\"column\">\n\t\t\t<div class=\"elementor-widget-wrap elementor-element-populated\">\n\t\t\t\t\t\t<div class=\"elementor-element elementor-element-3041d779 elementor-widget elementor-widget-spacer\" data-id=\"3041d779\" data-element_type=\"widget\" data-e-type=\"widget\" data-widget_type=\"spacer.default\">\n\t\t\t\t<div class=\"elementor-widget-container\">\n\t\t\t\t\t\t\t<div class=\"elementor-spacer\">\n\t\t\t<div class=\"elementor-spacer-inner\"><\/div>\n\t\t<\/div>\n\t\t\t\t\t\t<\/div>\n\t\t\t\t<\/div>\n\t\t\t\t<section class=\"elementor-section elementor-inner-section elementor-element elementor-element-11ec16a7 elementor-section-boxed elementor-section-height-default elementor-section-height-default\" data-id=\"11ec16a7\" data-element_type=\"section\" data-e-type=\"section\">\n\t\t\t\t\t\t<div class=\"elementor-container elementor-column-gap-default\">\n\t\t\t\t\t<div class=\"elementor-column elementor-col-100 elementor-inner-column elementor-element elementor-element-7b92eb16\" data-id=\"7b92eb16\" data-element_type=\"column\" data-e-type=\"column\">\n\t\t\t<div class=\"elementor-widget-wrap elementor-element-populated\">\n\t\t\t\t\t\t<div class=\"elementor-element elementor-element-5f0a2a50 elementor-invisible elementor-widget elementor-widget-heading\" data-id=\"5f0a2a50\" data-element_type=\"widget\" data-e-type=\"widget\" data-settings=\"{&quot;_animation&quot;:&quot;fadeInDown&quot;,&quot;_animation_delay&quot;:400}\" data-widget_type=\"heading.default\">\n\t\t\t\t<div class=\"elementor-widget-container\">\n\t\t\t\t\t<h4 class=\"elementor-heading-title elementor-size-default\">Subscribe to our list<\/h4>\t\t\t\t<\/div>\n\t\t\t\t<\/div>\n\t\t\t\t<div class=\"elementor-element elementor-element-28f5d05d elementor-widget elementor-widget-text-editor\" data-id=\"28f5d05d\" data-element_type=\"widget\" data-e-type=\"widget\" data-widget_type=\"text-editor.default\">\n\t\t\t\t<div class=\"elementor-widget-container\">\n\t\t\t\t\t\t\t\t\t<p>To receive news like these, information from us, updates on our products, recipes and learn more about Agricultores El Fuerte<\/p>\t\t\t\t\t\t\t\t<\/div>\n\t\t\t\t<\/div>\n\t\t\t\t\t<\/div>\n\t\t<\/div>\n\t\t\t\t\t<\/div>\n\t\t<\/section>\n\t\t\t\t<div class=\"elementor-element elementor-element-4116c049 elementor-widget elementor-widget-spacer\" data-id=\"4116c049\" data-element_type=\"widget\" data-e-type=\"widget\" data-widget_type=\"spacer.default\">\n\t\t\t\t<div class=\"elementor-widget-container\">\n\t\t\t\t\t\t\t<div class=\"elementor-spacer\">\n\t\t\t<div class=\"elementor-spacer-inner\"><\/div>\n\t\t<\/div>\n\t\t\t\t\t\t<\/div>\n\t\t\t\t<\/div>\n\t\t\t\t\t<\/div>\n\t\t<\/div>\n\t\t\t\t\t<\/div>\n\t\t<\/section>\n\t\t\t\t<\/div>","protected":false},"excerpt":{"rendered":"<p>NOTICIAS Para mantenerte informado de lo que hemos estado haciendo Nuevos Productos Happy Green Organic Le damos la bienvenida a la primer cosecha de nuestra l\u00ednea de productos org\u00e1nicos. Happy green organic se suma a este sistema, fomentando el seguimiento de pr\u00e1cticas sustentables, promoviendo el equilibrio ecol\u00f3gico, conservando la biodiversidad pensando en las generaciones futuras. [&hellip;]<\/p>\n","protected":false},"author":1,"featured_media":0,"parent":0,"menu_order":0,"comment_status":"closed","ping_status":"closed","template":"elementor_header_footer","meta":{"footnotes":""},"class_list":["post-11753","page","type-page","status-publish","hentry"],"_links":{"self":[{"href":"https:\/\/agfuerte.com\/en\/wp-json\/wp\/v2\/pages\/11753","targetHints":{"allow":["GET"]}}],"collection":[{"href":"https:\/\/agfuerte.com\/en\/wp-json\/wp\/v2\/pages"}],"about":[{"href":"https:\/\/agfuerte.com\/en\/wp-json\/wp\/v2\/types\/page"}],"author":[{"embeddable":true,"href":"https:\/\/agfuerte.com\/en\/wp-json\/wp\/v2\/users\/1"}],"replies":[{"embeddable":true,"href":"https:\/\/agfuerte.com\/en\/wp-json\/wp\/v2\/comments?post=11753"}],"version-history":[{"count":178,"href":"https:\/\/agfuerte.com\/en\/wp-json\/wp\/v2\/pages\/11753\/revisions"}],"predecessor-version":[{"id":12159,"href":"https:\/\/agfuerte.com\/en\/wp-json\/wp\/v2\/pages\/11753\/revisions\/12159"}],"wp:attachment":[{"href":"https:\/\/agfuerte.com\/en\/wp-json\/wp\/v2\/media?parent=11753"}],"curies":[{"name":"wp","href":"https:\/\/api.w.org\/{rel}","templated":true}]}}